{"id":476,"date":"2024-01-08T22:43:34","date_gmt":"2024-01-08T22:43:34","guid":{"rendered":"https:\/\/www.lbspower-abb.com\/?product=unisec"},"modified":"2024-01-30T17:09:47","modified_gmt":"2024-01-30T17:09:47","slug":"unisec","status":"publish","type":"product","link":"https:\/\/www.lbspower-abb.com\/?product=unisec","title":{"rendered":"UNISEC"},"content":{"rendered":"\n<p>Las celdas UniSec son el resultado de la constante innovaci\u00f3n y del compromiso de ABB para satisfacer las exigencias de un mercado en continua evoluci\u00f3n. Esta nueva serie de celdas ofrece soluciones t\u00e9cnicas a largo plazo, para una amplia gama de aplicaciones. Seguridad y fiabilidad, sencillez de empleo y sostenibilidad, son las l\u00edneas del desarrollo de las celdas UniSec. Proyectado para todas las aplicaciones<br>UniSec es el nuevo cuadro ABB aislado en aire conforme<br>con las Normas IEC 62271-200, clasificado LSC2A-PM y<br>LSC2B-PM para las unidades con interruptor extra\u00edble, en<br>lo que se refiere a la \u201ccontinuidad de servicio\u201d. La celda UniSec presenta las siguientes caracter\u00edsticas:<br>\u2013 Aislamiento en aire de todas las partes activas<br>\u2013 Interruptor de maniobra-seccionador en SF6<br>\u2013 Interruptores extra\u00edbles<br>\u2013 Clasificaci\u00f3n de la continuidad de servicio LSC2A<br>\u2013 Interruptor extra\u00edble clasificado como LSC2B seg\u00fan la<br>clasificaci\u00f3n de la continuidad del servicio<br>\u2013 Gama completa de unidades funcionales y accesorios.<br>\u2013 Amplia gama de rel\u00e9s de protecci\u00f3n actualizados seg\u00fan el<br>estado del arte, integrados en interruptores o montados<br>por separado, para las funciones de protecci\u00f3n, control y<br>medida.<\/p>\n","protected":false},"excerpt":{"rendered":"<p>Las celdas UniSec son el resultado de la constante innovaci\u00f3n y del compromiso de ABB para satisfacer las exigencias de un mercado en continua evoluci\u00f3n. Esta nueva serie de celdas&#8230;<\/p>\n","protected":false},"featured_media":506,"comment_status":"open","ping_status":"closed","template":"","meta":{"_joinchat":[]},"product_cat":[21],"product_tag":[],"class_list":{"0":"post-476","1":"product","2":"type-product","3":"status-publish","4":"has-post-thumbnail","6":"product_cat-tableros","8":"first","9":"instock","10":"shipping-taxable","11":"product-type-simple"},"_links":{"self":[{"href":"https:\/\/www.lbspower-abb.com\/index.php?rest_route=\/wp\/v2\/product\/476","targetHints":{"allow":["GET"]}}],"collection":[{"href":"https:\/\/www.lbspower-abb.com\/index.php?rest_route=\/wp\/v2\/product"}],"about":[{"href":"https:\/\/www.lbspower-abb.com\/index.php?rest_route=\/wp\/v2\/types\/product"}],"replies":[{"embeddable":true,"href":"https:\/\/www.lbspower-abb.com\/index.php?rest_route=%2Fwp%2Fv2%2Fcomments&post=476"}],"wp:featuredmedia":[{"embeddable":true,"href":"https:\/\/www.lbspower-abb.com\/index.php?rest_route=\/wp\/v2\/media\/506"}],"wp:attachment":[{"href":"https:\/\/www.lbspower-abb.com\/index.php?rest_route=%2Fwp%2Fv2%2Fmedia&parent=476"}],"wp:term":[{"taxonomy":"product_cat","embeddable":true,"href":"https:\/\/www.lbspower-abb.com\/index.php?rest_route=%2Fwp%2Fv2%2Fproduct_cat&post=476"},{"taxonomy":"product_tag","embeddable":true,"href":"https:\/\/www.lbspower-abb.com\/index.php?rest_route=%2Fwp%2Fv2%2Fproduct_tag&post=476"}],"curies":[{"name":"wp","href":"https:\/\/api.w.org\/{rel}","templated":true}]}}