{"id":475,"date":"2024-01-08T22:43:34","date_gmt":"2024-01-08T22:43:34","guid":{"rendered":"https:\/\/www.lbspower-abb.com\/?product=reliagear-lightning-panelboard"},"modified":"2024-01-30T17:09:03","modified_gmt":"2024-01-30T17:09:03","slug":"reliagear-lightning-panelboard","status":"publish","type":"product","link":"https:\/\/www.lbspower-abb.com\/?product=reliagear-lightning-panelboard","title":{"rendered":"RELIAGEAR LIGHTNING PANELBOARD"},"content":{"rendered":"\n<p>Los paneles de iluminaci\u00f3n ReliaGear\u00ae cuentan con una mayor densidad de disyuntores y los disyuntores superiores SACE\u00ae FORMULA A2 y SACE\u00ae Tmax\u00ae XT como principales y secundarias en RQ, RL, RE y RS para experimentar un rendimiento XTreme.<\/p>\n\n\n\n<p>Los paneles de iluminaci\u00f3n ReliaGear son la soluci\u00f3n segura, inteligente y sostenible para proyectos de cualquier tama\u00f1o que exigen entrega r\u00e1pida, facilidad de instalaci\u00f3n, flexibilidad de dise\u00f1o y mayor versatilidad. Dise\u00f1o modular y vers\u00e1til para ayudar a acelerar la instalaci\u00f3n y reducir los costos de mano de obra.<br>Plazos de entrega excepcionales para ofrecer una ventaja m\u00e1s competitiva a proyectos donde el tiempo es cr\u00edtico<br>Flexibilidad de dise\u00f1o para un nivel avanzado de personalizaci\u00f3n<br>Herramienta de potenciaci\u00f3n automatizada de \u00faltima generaci\u00f3n disponible para facilitar el pedido de productos, lo que ayuda a los usuarios a ahorrar tiempo y dinero. Caracter\u00edsticas:<br>Neutrales divididos extruidos para simplificar el cableado y ayudar a acelerar la instalaci\u00f3n.<br>Los gabinetes NEMA ofrecen un amplio espacio para canaletas<br>Mayores amperajes y recuento de circuitos de alimentaci\u00f3n secundaria.<br>Unidades de disparo electr\u00f3nicas avanzadas dentro de marcos compactos<br>Miles de configuraciones y dispositivos integrados opcionales de protecci\u00f3n contra sobretensiones, medici\u00f3n principal o medici\u00f3n de circuito derivado disponibles.<\/p>\n","protected":false},"excerpt":{"rendered":"<p>Los paneles de iluminaci\u00f3n ReliaGear\u00ae cuentan con una mayor densidad de disyuntores y los disyuntores superiores SACE\u00ae FORMULA A2 y SACE\u00ae Tmax\u00ae XT como principales y secundarias en RQ, RL,&#8230;<\/p>\n","protected":false},"featured_media":501,"comment_status":"open","ping_status":"closed","template":"","meta":{"_joinchat":[]},"product_cat":[21],"product_tag":[],"class_list":{"0":"post-475","1":"product","2":"type-product","3":"status-publish","4":"has-post-thumbnail","6":"product_cat-tableros","8":"first","9":"instock","10":"shipping-taxable","11":"product-type-simple"},"_links":{"self":[{"href":"https:\/\/www.lbspower-abb.com\/index.php?rest_route=\/wp\/v2\/product\/475","targetHints":{"allow":["GET"]}}],"collection":[{"href":"https:\/\/www.lbspower-abb.com\/index.php?rest_route=\/wp\/v2\/product"}],"about":[{"href":"https:\/\/www.lbspower-abb.com\/index.php?rest_route=\/wp\/v2\/types\/product"}],"replies":[{"embeddable":true,"href":"https:\/\/www.lbspower-abb.com\/index.php?rest_route=%2Fwp%2Fv2%2Fcomments&post=475"}],"wp:featuredmedia":[{"embeddable":true,"href":"https:\/\/www.lbspower-abb.com\/index.php?rest_route=\/wp\/v2\/media\/501"}],"wp:attachment":[{"href":"https:\/\/www.lbspower-abb.com\/index.php?rest_route=%2Fwp%2Fv2%2Fmedia&parent=475"}],"wp:term":[{"taxonomy":"product_cat","embeddable":true,"href":"https:\/\/www.lbspower-abb.com\/index.php?rest_route=%2Fwp%2Fv2%2Fproduct_cat&post=475"},{"taxonomy":"product_tag","embeddable":true,"href":"https:\/\/www.lbspower-abb.com\/index.php?rest_route=%2Fwp%2Fv2%2Fproduct_tag&post=475"}],"curies":[{"name":"wp","href":"https:\/\/api.w.org\/{rel}","templated":true}]}}