{"id":474,"date":"2024-01-08T22:43:34","date_gmt":"2024-01-08T22:43:34","guid":{"rendered":"https:\/\/www.lbspower-abb.com\/?product=artu-l"},"modified":"2024-12-26T16:06:13","modified_gmt":"2024-12-26T16:06:13","slug":"artu-l","status":"publish","type":"product","link":"https:\/\/www.lbspower-abb.com\/?product=artu-l","title":{"rendered":"ARTU L"},"content":{"rendered":"\n<p>Hasta 800A dispones de una serie de cuadros tanto de pared como de suelo<br>disponibles, capaces de garantizar un alto est\u00e1ndar de calidad junto con la m\u00e1xima simplicidad de<br>selecci\u00f3n y montaje. Dotada de una estructura totalmente abierta lateralmente, permite realizar<br>cableado de forma muy c\u00f3moda, con el cuadro colocado horizontalmente sobre dos caballetes. Y,<br>si hablamos de cableado, no hay nada que lo simplifique y agilice mejor<br>que el sistema de cableado Unifix H o L, creado por ABB para su sistema modular y de caja moldeada<br>rompedores de circuito.<br>El contenedor del elevador de cables est\u00e1 disponible en un ancho de 300 mm para adaptarse a diferentes barras colectoras.<br>sistemas y, adem\u00e1s, con una c\u00f3moda caja colocada encima del cuadro,<br>aumenta el espacio disponible para los cables entrantes.<\/p>\n","protected":false},"excerpt":{"rendered":"<p>Hasta 800A dispones de una serie de cuadros tanto de pared como de suelodisponibles, capaces de garantizar un alto est\u00e1ndar de calidad junto con la m\u00e1xima simplicidad deselecci\u00f3n y montaje&#8230;.<\/p>\n","protected":false},"featured_media":507,"comment_status":"open","ping_status":"closed","template":"","meta":{"_joinchat":[]},"product_cat":[21],"product_tag":[],"class_list":{"0":"post-474","1":"product","2":"type-product","3":"status-publish","4":"has-post-thumbnail","6":"product_cat-tableros","8":"first","9":"instock","10":"shipping-taxable","11":"product-type-simple"},"_links":{"self":[{"href":"https:\/\/www.lbspower-abb.com\/index.php?rest_route=\/wp\/v2\/product\/474","targetHints":{"allow":["GET"]}}],"collection":[{"href":"https:\/\/www.lbspower-abb.com\/index.php?rest_route=\/wp\/v2\/product"}],"about":[{"href":"https:\/\/www.lbspower-abb.com\/index.php?rest_route=\/wp\/v2\/types\/product"}],"replies":[{"embeddable":true,"href":"https:\/\/www.lbspower-abb.com\/index.php?rest_route=%2Fwp%2Fv2%2Fcomments&post=474"}],"wp:featuredmedia":[{"embeddable":true,"href":"https:\/\/www.lbspower-abb.com\/index.php?rest_route=\/wp\/v2\/media\/507"}],"wp:attachment":[{"href":"https:\/\/www.lbspower-abb.com\/index.php?rest_route=%2Fwp%2Fv2%2Fmedia&parent=474"}],"wp:term":[{"taxonomy":"product_cat","embeddable":true,"href":"https:\/\/www.lbspower-abb.com\/index.php?rest_route=%2Fwp%2Fv2%2Fproduct_cat&post=474"},{"taxonomy":"product_tag","embeddable":true,"href":"https:\/\/www.lbspower-abb.com\/index.php?rest_route=%2Fwp%2Fv2%2Fproduct_tag&post=474"}],"curies":[{"name":"wp","href":"https:\/\/api.w.org\/{rel}","templated":true}]}}