{"id":473,"date":"2024-01-08T22:43:33","date_gmt":"2024-01-08T22:43:33","guid":{"rendered":"https:\/\/www.lbspower-abb.com\/?product=protecta-plus"},"modified":"2024-01-30T17:14:12","modified_gmt":"2024-01-30T17:14:12","slug":"protecta-plus","status":"publish","type":"product","link":"https:\/\/www.lbspower-abb.com\/?product=protecta-plus","title":{"rendered":"PROTECTA PLUS"},"content":{"rendered":"\n<p>Disponible en forma de kit para venta libre, la soluci\u00f3n de subdistribuci\u00f3n de \u00faltima generaci\u00f3n de ABB se ha dise\u00f1ado para satisfacer las necesidades de todos los segmentos de la industria de la construcci\u00f3n.<br>Principales caracter\u00edsticas constructivas:<\/p>\n\n\n\n<ul class=\"wp-block-list\">\n<li>Estructura en l\u00e1minas met\u00e1licas recubiertas de epoxi de 1 mm de espesor.<\/li>\n\n\n\n<li>Instalaci\u00f3n en pared para ambientes interiores.<\/li>\n\n\n\n<li>Grado de protecci\u00f3n &#8211; IP43 con puerta \/ Resistencia mec\u00e1nica IK 07<\/li>\n\n\n\n<li>Clasificaci\u00f3n de barra colectora: 250 A<\/li>\n\n\n\n<li>N\u00famero de formas: 4, 8, 12, 16, 20, 24<\/li>\n\n\n\n<li>Cumplimiento de IEC BS EN 61439 1-2<\/li>\n\n\n\n<li>Cableado sencillo de todos los armarios, tanto horizontal como verticalmente<\/li>\n\n\n\n<li>F\u00e1cil acceso interno para operaciones y mantenimiento de cableado<\/li>\n\n\n\n<li>Kits preempaquetados para aplicaciones espec\u00edficas (por ejemplo, protecci\u00f3n contra sobretensiones, medici\u00f3n)<\/li>\n<\/ul>\n","protected":false},"excerpt":{"rendered":"<p>Disponible en forma de kit para venta libre, la soluci\u00f3n de subdistribuci\u00f3n de \u00faltima generaci\u00f3n de ABB se ha dise\u00f1ado para satisfacer las necesidades de todos los segmentos de la&#8230;<\/p>\n","protected":false},"featured_media":359,"comment_status":"open","ping_status":"closed","template":"","meta":{"_joinchat":[]},"product_cat":[21],"product_tag":[],"class_list":{"0":"post-473","1":"product","2":"type-product","3":"status-publish","4":"has-post-thumbnail","6":"product_cat-tableros","8":"first","9":"instock","10":"shipping-taxable","11":"product-type-simple"},"_links":{"self":[{"href":"https:\/\/www.lbspower-abb.com\/index.php?rest_route=\/wp\/v2\/product\/473","targetHints":{"allow":["GET"]}}],"collection":[{"href":"https:\/\/www.lbspower-abb.com\/index.php?rest_route=\/wp\/v2\/product"}],"about":[{"href":"https:\/\/www.lbspower-abb.com\/index.php?rest_route=\/wp\/v2\/types\/product"}],"replies":[{"embeddable":true,"href":"https:\/\/www.lbspower-abb.com\/index.php?rest_route=%2Fwp%2Fv2%2Fcomments&post=473"}],"wp:featuredmedia":[{"embeddable":true,"href":"https:\/\/www.lbspower-abb.com\/index.php?rest_route=\/wp\/v2\/media\/359"}],"wp:attachment":[{"href":"https:\/\/www.lbspower-abb.com\/index.php?rest_route=%2Fwp%2Fv2%2Fmedia&parent=473"}],"wp:term":[{"taxonomy":"product_cat","embeddable":true,"href":"https:\/\/www.lbspower-abb.com\/index.php?rest_route=%2Fwp%2Fv2%2Fproduct_cat&post=473"},{"taxonomy":"product_tag","embeddable":true,"href":"https:\/\/www.lbspower-abb.com\/index.php?rest_route=%2Fwp%2Fv2%2Fproduct_tag&post=473"}],"curies":[{"name":"wp","href":"https:\/\/api.w.org\/{rel}","templated":true}]}}