{"id":470,"date":"2024-01-08T22:43:32","date_gmt":"2024-01-08T22:43:32","guid":{"rendered":"https:\/\/www.lbspower-abb.com\/?product=reliagear-switchboard"},"modified":"2024-01-30T17:20:58","modified_gmt":"2024-01-30T17:20:58","slug":"reliagear-switchboard","status":"publish","type":"product","link":"https:\/\/www.lbspower-abb.com\/?product=reliagear-switchboard","title":{"rendered":"RELIAGEAR SWITCHBOARD"},"content":{"rendered":"\n<p>Los tableros de distribuci\u00f3n ReliaGear\u00ae SB cuentan con un dise\u00f1o m\u00e1s seguro y confiable e innovadores disyuntores de potencia SACE\u00ae Emax 2 o MCCB enchufables SACE\u00ae Tmax\u00ae XT para ahorrar tiempo, mano de obra y costos, al tiempo que ayudan a garantizar una mayor eficiencia energ\u00e9tica y confiabilidad.<br>Los cuadros de distribuci\u00f3n ReliaGear SB est\u00e1n disponibles hasta 6.000 A y 600 VAC. Las secciones de distribuci\u00f3n montadas en grupo enchufables permiten instalar dispositivos, como interruptores, en cualquier lugar de la pila del bus.<\/p>\n","protected":false},"excerpt":{"rendered":"<p>Los tableros de distribuci\u00f3n ReliaGear\u00ae SB cuentan con un dise\u00f1o m\u00e1s seguro y confiable e innovadores disyuntores de potencia SACE\u00ae Emax 2 o MCCB enchufables SACE\u00ae Tmax\u00ae XT para ahorrar&#8230;<\/p>\n","protected":false},"featured_media":353,"comment_status":"open","ping_status":"closed","template":"","meta":{"_joinchat":[]},"product_cat":[21],"product_tag":[],"class_list":{"0":"post-470","1":"product","2":"type-product","3":"status-publish","4":"has-post-thumbnail","6":"product_cat-tableros","8":"first","9":"instock","10":"shipping-taxable","11":"product-type-simple"},"_links":{"self":[{"href":"https:\/\/www.lbspower-abb.com\/index.php?rest_route=\/wp\/v2\/product\/470","targetHints":{"allow":["GET"]}}],"collection":[{"href":"https:\/\/www.lbspower-abb.com\/index.php?rest_route=\/wp\/v2\/product"}],"about":[{"href":"https:\/\/www.lbspower-abb.com\/index.php?rest_route=\/wp\/v2\/types\/product"}],"replies":[{"embeddable":true,"href":"https:\/\/www.lbspower-abb.com\/index.php?rest_route=%2Fwp%2Fv2%2Fcomments&post=470"}],"wp:featuredmedia":[{"embeddable":true,"href":"https:\/\/www.lbspower-abb.com\/index.php?rest_route=\/wp\/v2\/media\/353"}],"wp:attachment":[{"href":"https:\/\/www.lbspower-abb.com\/index.php?rest_route=%2Fwp%2Fv2%2Fmedia&parent=470"}],"wp:term":[{"taxonomy":"product_cat","embeddable":true,"href":"https:\/\/www.lbspower-abb.com\/index.php?rest_route=%2Fwp%2Fv2%2Fproduct_cat&post=470"},{"taxonomy":"product_tag","embeddable":true,"href":"https:\/\/www.lbspower-abb.com\/index.php?rest_route=%2Fwp%2Fv2%2Fproduct_tag&post=470"}],"curies":[{"name":"wp","href":"https:\/\/api.w.org\/{rel}","templated":true}]}}