{"id":469,"date":"2024-01-08T22:43:32","date_gmt":"2024-01-08T22:43:32","guid":{"rendered":"https:\/\/www.lbspower-abb.com\/?product=t-max-link"},"modified":"2024-01-30T17:14:52","modified_gmt":"2024-01-30T17:14:52","slug":"t-max-link","status":"publish","type":"product","link":"https:\/\/www.lbspower-abb.com\/?product=t-max-link","title":{"rendered":"T MAX LINK"},"content":{"rendered":"\n<p>Tmax Link permite a los OEM construir tableros de distribuci\u00f3n UL\/CSA y paneles UL (frente muerto) mediante la fabricaci\u00f3n de barras, chasis, gabinetes y correas de montaje de interruptores para montar en grupo los interruptores autom\u00e1ticos de caja moldeada (MCCB) de ABB en un conjunto de distribuci\u00f3n el\u00e9ctrica con una etiqueta UL\/CSA.<\/p>\n\n\n\n<p>Tmax Link permite a los OEM fabricar componentes b\u00e1sicos bajo una extensi\u00f3n del programa de ensamblador de la certificaci\u00f3n ABB UL\/CSA mientras utilizan el propio logotipo del OEM.<\/p>\n\n\n\n<p>El dise\u00f1o del tablero de distribuci\u00f3n y tablero de distribuci\u00f3n Tmax Link incorpora caracter\u00edsticas que cumplen con los requisitos de aplicaci\u00f3n para sistemas con alto nivel de cortocircuito, al tiempo que conservan flexibilidad, seguridad y conveniencia.<\/p>\n\n\n\n<p>Con Tmax Link, el OEM ha aumentado las capacidades de producci\u00f3n, el valor agregado y la propiedad de la cadena de suministro para ofrecer los plazos de entrega m\u00e1s cortos posibles.<\/p>\n","protected":false},"excerpt":{"rendered":"<p>Tmax Link permite a los OEM construir tableros de distribuci\u00f3n UL\/CSA y paneles UL (frente muerto) mediante la fabricaci\u00f3n de barras, chasis, gabinetes y correas de montaje de interruptores para&#8230;<\/p>\n","protected":false},"featured_media":539,"comment_status":"open","ping_status":"closed","template":"","meta":{"_joinchat":[]},"product_cat":[21],"product_tag":[],"class_list":{"0":"post-469","1":"product","2":"type-product","3":"status-publish","4":"has-post-thumbnail","6":"product_cat-tableros","8":"first","9":"instock","10":"shipping-taxable","11":"product-type-simple"},"_links":{"self":[{"href":"https:\/\/www.lbspower-abb.com\/index.php?rest_route=\/wp\/v2\/product\/469","targetHints":{"allow":["GET"]}}],"collection":[{"href":"https:\/\/www.lbspower-abb.com\/index.php?rest_route=\/wp\/v2\/product"}],"about":[{"href":"https:\/\/www.lbspower-abb.com\/index.php?rest_route=\/wp\/v2\/types\/product"}],"replies":[{"embeddable":true,"href":"https:\/\/www.lbspower-abb.com\/index.php?rest_route=%2Fwp%2Fv2%2Fcomments&post=469"}],"wp:featuredmedia":[{"embeddable":true,"href":"https:\/\/www.lbspower-abb.com\/index.php?rest_route=\/wp\/v2\/media\/539"}],"wp:attachment":[{"href":"https:\/\/www.lbspower-abb.com\/index.php?rest_route=%2Fwp%2Fv2%2Fmedia&parent=469"}],"wp:term":[{"taxonomy":"product_cat","embeddable":true,"href":"https:\/\/www.lbspower-abb.com\/index.php?rest_route=%2Fwp%2Fv2%2Fproduct_cat&post=469"},{"taxonomy":"product_tag","embeddable":true,"href":"https:\/\/www.lbspower-abb.com\/index.php?rest_route=%2Fwp%2Fv2%2Fproduct_tag&post=469"}],"curies":[{"name":"wp","href":"https:\/\/api.w.org\/{rel}","templated":true}]}}