{"id":468,"date":"2024-01-08T22:43:31","date_gmt":"2024-01-08T22:43:31","guid":{"rendered":"https:\/\/www.lbspower-abb.com\/?product=system-pro-e-power"},"modified":"2024-01-30T17:21:35","modified_gmt":"2024-01-30T17:21:35","slug":"system-pro-e-power","status":"publish","type":"product","link":"https:\/\/www.lbspower-abb.com\/?product=system-pro-e-power","title":{"rendered":"SYSTEM PRO E POWER"},"content":{"rendered":"\n<p>System pro E power es la innovadora soluci\u00f3n de cuadro de distribuci\u00f3n principal de ABB con intensidad nominal hasta 6300 A e intensidad de cortocircuito hasta 120 kA. Est\u00e1 dise\u00f1ada para cumplir ampliamente todos los requisitos de las instalaciones el\u00e9ctricas en t\u00e9rminos de grado de protecci\u00f3n, forma de divisi\u00f3n y caracter\u00edsticas el\u00e9ctricas, de acuerdo con los est\u00e1ndares internacionales m\u00e1s recientes y en perfecta sinergia con todos los equipos de baja tensi\u00f3n de ABB.<\/p>\n\n\n\n<p>La flexibilidad es power<br>La estructura se puede montar seg\u00fan distintas secuencias l\u00f3gicas. Solo hay unas pocas referencias para 120 tama\u00f1os de envolventes. Se pueden obtener clases de protecci\u00f3n hasta IP 65 para cada tipo de aplicaci\u00f3n. Los nuevos sistemas de embarrado usan los mismos componentes.<\/p>\n\n\n\n<p>La velocidad es power<br>Metodolog\u00eda de ensamblaje de cuadros de distribuci\u00f3n sencilla, eficaz y sin defectos para ahorrar tiempo. Movimientos sencillos y sin errores para sujetar equipos internos. Nuevas placas de montaje con sistema click-in r\u00e1pido. Particiones de divisi\u00f3n interna creadas simplemente agregando accesorios secuencialmente.<\/p>\n\n\n\n<p>La simplicidad es power<br>Ensamblaje sin errores de la estructura, que es perfectamente sim\u00e9trica. Travesa\u00f1os y montantes modulares unidos utilizando un nuevo sistema patentado con tornillos axiales.<\/p>\n","protected":false},"excerpt":{"rendered":"<p>System pro E power es la innovadora soluci\u00f3n de cuadro de distribuci\u00f3n principal de ABB con intensidad nominal hasta 6300 A e intensidad de cortocircuito hasta 120 kA. Est\u00e1 dise\u00f1ada&#8230;<\/p>\n","protected":false},"featured_media":505,"comment_status":"open","ping_status":"closed","template":"","meta":{"_joinchat":[]},"product_cat":[21],"product_tag":[],"class_list":{"0":"post-468","1":"product","2":"type-product","3":"status-publish","4":"has-post-thumbnail","6":"product_cat-tableros","8":"first","9":"instock","10":"shipping-taxable","11":"product-type-simple"},"_links":{"self":[{"href":"https:\/\/www.lbspower-abb.com\/index.php?rest_route=\/wp\/v2\/product\/468","targetHints":{"allow":["GET"]}}],"collection":[{"href":"https:\/\/www.lbspower-abb.com\/index.php?rest_route=\/wp\/v2\/product"}],"about":[{"href":"https:\/\/www.lbspower-abb.com\/index.php?rest_route=\/wp\/v2\/types\/product"}],"replies":[{"embeddable":true,"href":"https:\/\/www.lbspower-abb.com\/index.php?rest_route=%2Fwp%2Fv2%2Fcomments&post=468"}],"wp:featuredmedia":[{"embeddable":true,"href":"https:\/\/www.lbspower-abb.com\/index.php?rest_route=\/wp\/v2\/media\/505"}],"wp:attachment":[{"href":"https:\/\/www.lbspower-abb.com\/index.php?rest_route=%2Fwp%2Fv2%2Fmedia&parent=468"}],"wp:term":[{"taxonomy":"product_cat","embeddable":true,"href":"https:\/\/www.lbspower-abb.com\/index.php?rest_route=%2Fwp%2Fv2%2Fproduct_cat&post=468"},{"taxonomy":"product_tag","embeddable":true,"href":"https:\/\/www.lbspower-abb.com\/index.php?rest_route=%2Fwp%2Fv2%2Fproduct_tag&post=468"}],"curies":[{"name":"wp","href":"https:\/\/api.w.org\/{rel}","templated":true}]}}