{"id":447,"date":"2024-01-08T19:44:23","date_gmt":"2024-01-08T19:44:23","guid":{"rendered":"https:\/\/www.lbspower-abb.com\/?product=tle-100-kva-ce-400-400"},"modified":"2024-02-06T18:25:00","modified_gmt":"2024-02-06T18:25:00","slug":"tle-100-kva-ce-400-400","status":"publish","type":"product","link":"https:\/\/www.lbspower-abb.com\/?product=tle-100-kva-ce-400-400","title":{"rendered":"TLE (100 KVA) (CE 400\/400)"},"content":{"rendered":"\n<p>El SAI de la Serie TLE es uno de los sistemas de alimentaci\u00f3n<br>ininterrumpida trif\u00e1sicos m\u00e1s eficaces, creado para proteger la<br>alimentaci\u00f3n en una amplia gama de aplicaciones. La Serie TLE<br>funciona en modo VFI (tensi\u00f3n y frecuencia independientes) y ha sido<br>desarrollada para satisfacer la creciente demanda de alta eficiencia<br>por medio de un novedoso algoritmo de control con tecnolog\u00eda de<br>inversor de tres niveles. Este innovador producto ofrece la mejor<br>eficiencia de su categor\u00eda en modo de doble conversi\u00f3n, as\u00ed como<br>con el modo de funcionamiento eBoost\u2122. La Serie TLE fue creada<br>aplicando la metodolog\u00eda de dise\u00f1o Six Sigma de GE con el fin de<br>garantizar que el producto cumpla plenamente los requisitos y las<br>expectativas del cliente.<\/p>\n","protected":false},"excerpt":{"rendered":"<p>El SAI de la Serie TLE es uno de los sistemas de alimentaci\u00f3nininterrumpida trif\u00e1sicos m\u00e1s eficaces, creado para proteger laalimentaci\u00f3n en una amplia gama de aplicaciones. La Serie TLEfunciona en&#8230;<\/p>\n","protected":false},"featured_media":462,"comment_status":"open","ping_status":"closed","template":"","meta":{"_joinchat":[]},"product_cat":[32],"product_tag":[],"class_list":{"0":"post-447","1":"product","2":"type-product","3":"status-publish","4":"has-post-thumbnail","6":"product_cat-100-kva","8":"first","9":"instock","10":"shipping-taxable","11":"product-type-simple"},"_links":{"self":[{"href":"https:\/\/www.lbspower-abb.com\/index.php?rest_route=\/wp\/v2\/product\/447","targetHints":{"allow":["GET"]}}],"collection":[{"href":"https:\/\/www.lbspower-abb.com\/index.php?rest_route=\/wp\/v2\/product"}],"about":[{"href":"https:\/\/www.lbspower-abb.com\/index.php?rest_route=\/wp\/v2\/types\/product"}],"replies":[{"embeddable":true,"href":"https:\/\/www.lbspower-abb.com\/index.php?rest_route=%2Fwp%2Fv2%2Fcomments&post=447"}],"wp:featuredmedia":[{"embeddable":true,"href":"https:\/\/www.lbspower-abb.com\/index.php?rest_route=\/wp\/v2\/media\/462"}],"wp:attachment":[{"href":"https:\/\/www.lbspower-abb.com\/index.php?rest_route=%2Fwp%2Fv2%2Fmedia&parent=447"}],"wp:term":[{"taxonomy":"product_cat","embeddable":true,"href":"https:\/\/www.lbspower-abb.com\/index.php?rest_route=%2Fwp%2Fv2%2Fproduct_cat&post=447"},{"taxonomy":"product_tag","embeddable":true,"href":"https:\/\/www.lbspower-abb.com\/index.php?rest_route=%2Fwp%2Fv2%2Fproduct_tag&post=447"}],"curies":[{"name":"wp","href":"https:\/\/api.w.org\/{rel}","templated":true}]}}