{"id":446,"date":"2024-01-08T19:44:23","date_gmt":"2024-01-08T19:44:23","guid":{"rendered":"https:\/\/www.lbspower-abb.com\/?product=power-wave-33-s3-120-kva"},"modified":"2024-02-06T18:22:50","modified_gmt":"2024-02-06T18:22:50","slug":"power-wave-33-s3-120-kva","status":"publish","type":"product","link":"https:\/\/www.lbspower-abb.com\/?product=power-wave-33-s3-120-kva","title":{"rendered":"Power Wave 33 S3 (120 KVA)"},"content":{"rendered":"\n<p>El PowerWave 33 Serie 3 contin\u00faa la tradici\u00f3n de ABB aplicando la tecnolog\u00eda m\u00e1s avanzada en productos SAI y ofreciendo la mejor combinaci\u00f3n de rendimiento energ\u00e9tico y prestaciones generales de la industria.<\/p>\n\n\n\n<p>Ofreciendo la m\u00e1xima protecci\u00f3n de energ\u00eda, el PowerWave 33 serie 3 tiene un dise\u00f1o compacto y consume menos energ\u00eda que los productos comparables de su entorno consiguiendo as\u00ed significativos ahorros de costos para el usuario. El dise\u00f1o excepcional de la PowerWave 33 cumple todos los requisitos actuales relacionados con la construcci\u00f3n y funcionamiento de centros de energ\u00eda eficientes y cuidadosos del medio ambiente. La PowerWave 33 emplea la tecnolog\u00eda SAI de doble conversi\u00f3n sin transformador y cubre la gama de potencias entre 60 y 120 kW.<\/p>\n","protected":false},"excerpt":{"rendered":"<p>El PowerWave 33 Serie 3 contin\u00faa la tradici\u00f3n de ABB aplicando la tecnolog\u00eda m\u00e1s avanzada en productos SAI y ofreciendo la mejor combinaci\u00f3n de rendimiento energ\u00e9tico y prestaciones generales de&#8230;<\/p>\n","protected":false},"featured_media":529,"comment_status":"open","ping_status":"closed","template":"","meta":{"_joinchat":[]},"product_cat":[33],"product_tag":[],"class_list":{"0":"post-446","1":"product","2":"type-product","3":"status-publish","4":"has-post-thumbnail","6":"product_cat-120-kva","8":"first","9":"instock","10":"shipping-taxable","11":"product-type-simple"},"_links":{"self":[{"href":"https:\/\/www.lbspower-abb.com\/index.php?rest_route=\/wp\/v2\/product\/446","targetHints":{"allow":["GET"]}}],"collection":[{"href":"https:\/\/www.lbspower-abb.com\/index.php?rest_route=\/wp\/v2\/product"}],"about":[{"href":"https:\/\/www.lbspower-abb.com\/index.php?rest_route=\/wp\/v2\/types\/product"}],"replies":[{"embeddable":true,"href":"https:\/\/www.lbspower-abb.com\/index.php?rest_route=%2Fwp%2Fv2%2Fcomments&post=446"}],"wp:featuredmedia":[{"embeddable":true,"href":"https:\/\/www.lbspower-abb.com\/index.php?rest_route=\/wp\/v2\/media\/529"}],"wp:attachment":[{"href":"https:\/\/www.lbspower-abb.com\/index.php?rest_route=%2Fwp%2Fv2%2Fmedia&parent=446"}],"wp:term":[{"taxonomy":"product_cat","embeddable":true,"href":"https:\/\/www.lbspower-abb.com\/index.php?rest_route=%2Fwp%2Fv2%2Fproduct_cat&post=446"},{"taxonomy":"product_tag","embeddable":true,"href":"https:\/\/www.lbspower-abb.com\/index.php?rest_route=%2Fwp%2Fv2%2Fproduct_tag&post=446"}],"curies":[{"name":"wp","href":"https:\/\/api.w.org\/{rel}","templated":true}]}}