{"id":442,"date":"2024-01-08T19:44:21","date_gmt":"2024-01-08T19:44:21","guid":{"rendered":"https:\/\/www.lbspower-abb.com\/?product=power-scale-50-kva"},"modified":"2024-02-06T17:18:40","modified_gmt":"2024-02-06T17:18:40","slug":"power-scale-50-kva","status":"publish","type":"product","link":"https:\/\/www.lbspower-abb.com\/?product=power-scale-50-kva","title":{"rendered":"Power Scale (50 KVA)"},"content":{"rendered":"\n<p>Esta nueva generaci\u00f3n de SAI sin transformador responde a los intereses m\u00e1s importantes de los gestores de inform\u00e1tica. Como sus principales prioridades son el ahorro de costes y un 100 % de operatividad, PowerScale ofrece el menor coste de propiedad de cualquier SAI proporcionando rendimiento energ\u00e9tico, escalabilidad flexible, alta disponibilidad y f\u00e1cil mantenimiento.<\/p>\n","protected":false},"excerpt":{"rendered":"<p>Esta nueva generaci\u00f3n de SAI sin transformador responde a los intereses m\u00e1s importantes de los gestores de inform\u00e1tica. Como sus principales prioridades son el ahorro de costes y un 100&#8230;<\/p>\n","protected":false},"featured_media":531,"comment_status":"open","ping_status":"closed","template":"","meta":{"_joinchat":[]},"product_cat":[28],"product_tag":[],"class_list":{"0":"post-442","1":"product","2":"type-product","3":"status-publish","4":"has-post-thumbnail","6":"product_cat-50-kva","8":"first","9":"instock","10":"shipping-taxable","11":"product-type-simple"},"_links":{"self":[{"href":"https:\/\/www.lbspower-abb.com\/index.php?rest_route=\/wp\/v2\/product\/442","targetHints":{"allow":["GET"]}}],"collection":[{"href":"https:\/\/www.lbspower-abb.com\/index.php?rest_route=\/wp\/v2\/product"}],"about":[{"href":"https:\/\/www.lbspower-abb.com\/index.php?rest_route=\/wp\/v2\/types\/product"}],"replies":[{"embeddable":true,"href":"https:\/\/www.lbspower-abb.com\/index.php?rest_route=%2Fwp%2Fv2%2Fcomments&post=442"}],"wp:featuredmedia":[{"embeddable":true,"href":"https:\/\/www.lbspower-abb.com\/index.php?rest_route=\/wp\/v2\/media\/531"}],"wp:attachment":[{"href":"https:\/\/www.lbspower-abb.com\/index.php?rest_route=%2Fwp%2Fv2%2Fmedia&parent=442"}],"wp:term":[{"taxonomy":"product_cat","embeddable":true,"href":"https:\/\/www.lbspower-abb.com\/index.php?rest_route=%2Fwp%2Fv2%2Fproduct_cat&post=442"},{"taxonomy":"product_tag","embeddable":true,"href":"https:\/\/www.lbspower-abb.com\/index.php?rest_route=%2Fwp%2Fv2%2Fproduct_tag&post=442"}],"curies":[{"name":"wp","href":"https:\/\/api.w.org\/{rel}","templated":true}]}}