{"id":440,"date":"2024-01-08T19:44:20","date_gmt":"2024-01-08T19:44:20","guid":{"rendered":"https:\/\/www.lbspower-abb.com\/?product=power-scale-30-kva"},"modified":"2024-02-06T17:16:11","modified_gmt":"2024-02-06T17:16:11","slug":"power-scale-30-kva","status":"publish","type":"product","link":"https:\/\/www.lbspower-abb.com\/?product=power-scale-30-kva","title":{"rendered":"Power Scale (30 KVA)"},"content":{"rendered":"\n<p>Esta nueva generaci\u00f3n de SAI sin transformador responde a los intereses m\u00e1s importantes de los gestores de inform\u00e1tica. Como sus principales prioridades son el ahorro de costes y un 100 % de operatividad, PowerScale ofrece el menor coste de propiedad de cualquier SAI proporcionando rendimiento energ\u00e9tico, escalabilidad flexible, alta disponibilidad y f\u00e1cil mantenimiento<\/p>\n","protected":false},"excerpt":{"rendered":"<p>Esta nueva generaci\u00f3n de SAI sin transformador responde a los intereses m\u00e1s importantes de los gestores de inform\u00e1tica. Como sus principales prioridades son el ahorro de costes y un 100&#8230;<\/p>\n","protected":false},"featured_media":531,"comment_status":"open","ping_status":"closed","template":"","meta":{"_joinchat":[]},"product_cat":[26],"product_tag":[],"class_list":{"0":"post-440","1":"product","2":"type-product","3":"status-publish","4":"has-post-thumbnail","6":"product_cat-30-kva","8":"first","9":"instock","10":"shipping-taxable","11":"product-type-simple"},"_links":{"self":[{"href":"https:\/\/www.lbspower-abb.com\/index.php?rest_route=\/wp\/v2\/product\/440","targetHints":{"allow":["GET"]}}],"collection":[{"href":"https:\/\/www.lbspower-abb.com\/index.php?rest_route=\/wp\/v2\/product"}],"about":[{"href":"https:\/\/www.lbspower-abb.com\/index.php?rest_route=\/wp\/v2\/types\/product"}],"replies":[{"embeddable":true,"href":"https:\/\/www.lbspower-abb.com\/index.php?rest_route=%2Fwp%2Fv2%2Fcomments&post=440"}],"wp:featuredmedia":[{"embeddable":true,"href":"https:\/\/www.lbspower-abb.com\/index.php?rest_route=\/wp\/v2\/media\/531"}],"wp:attachment":[{"href":"https:\/\/www.lbspower-abb.com\/index.php?rest_route=%2Fwp%2Fv2%2Fmedia&parent=440"}],"wp:term":[{"taxonomy":"product_cat","embeddable":true,"href":"https:\/\/www.lbspower-abb.com\/index.php?rest_route=%2Fwp%2Fv2%2Fproduct_cat&post=440"},{"taxonomy":"product_tag","embeddable":true,"href":"https:\/\/www.lbspower-abb.com\/index.php?rest_route=%2Fwp%2Fv2%2Fproduct_tag&post=440"}],"curies":[{"name":"wp","href":"https:\/\/api.w.org\/{rel}","templated":true}]}}