{"id":439,"date":"2024-01-08T19:44:20","date_gmt":"2024-01-08T19:44:20","guid":{"rendered":"https:\/\/www.lbspower-abb.com\/?product=ups-lp-33-de-20-kva"},"modified":"2024-02-06T17:14:35","modified_gmt":"2024-02-06T17:14:35","slug":"ups-lp-33-de-20-kva","status":"publish","type":"product","link":"https:\/\/www.lbspower-abb.com\/?product=ups-lp-33-de-20-kva","title":{"rendered":"UPS LP 33 DE 20 KVA"},"content":{"rendered":"\n<p>La serie LP 33 10 \u2013 20 KVA de Digital Energy\u2122 es un sistema de UPS robusto de alto rendimiento que proporciona protecci\u00f3n de energ\u00eda para una amplia variedad de aplicaciones esenciales. Funciona con en modo de doble conversi\u00f3n con operaci\u00f3n en l\u00ednea VFI (voltaje y frecuencia independientes), produciendo los niveles m\u00e1ximos de protecci\u00f3n de energ\u00eda incluso bajo las condiciones m\u00e1s desfavorables. Es f\u00e1cil de instalar y prestar servicio, su dise\u00f1o robusto lo hace adecuado para aplicaciones industriales. La Arquitectura Paralela Redundante permite lograr el aumento de la potencia, colocando en paralelo hasta cuatro unidades de manera flexible y rentable; adem\u00e1s sincroniza con precisi\u00f3n la salida y autom\u00e1ticamente comparte la carga soportada por cada uno de los UPS.<\/p>\n","protected":false},"excerpt":{"rendered":"<p>La serie LP 33 10 \u2013 20 KVA de Digital Energy\u2122 es un sistema de UPS robusto de alto rendimiento que proporciona protecci\u00f3n de energ\u00eda para una amplia variedad de&#8230;<\/p>\n","protected":false},"featured_media":534,"comment_status":"open","ping_status":"closed","template":"","meta":{"_joinchat":[]},"product_cat":[25],"product_tag":[],"class_list":{"0":"post-439","1":"product","2":"type-product","3":"status-publish","4":"has-post-thumbnail","6":"product_cat-20-kva","8":"first","9":"instock","10":"shipping-taxable","11":"product-type-simple"},"_links":{"self":[{"href":"https:\/\/www.lbspower-abb.com\/index.php?rest_route=\/wp\/v2\/product\/439","targetHints":{"allow":["GET"]}}],"collection":[{"href":"https:\/\/www.lbspower-abb.com\/index.php?rest_route=\/wp\/v2\/product"}],"about":[{"href":"https:\/\/www.lbspower-abb.com\/index.php?rest_route=\/wp\/v2\/types\/product"}],"replies":[{"embeddable":true,"href":"https:\/\/www.lbspower-abb.com\/index.php?rest_route=%2Fwp%2Fv2%2Fcomments&post=439"}],"wp:featuredmedia":[{"embeddable":true,"href":"https:\/\/www.lbspower-abb.com\/index.php?rest_route=\/wp\/v2\/media\/534"}],"wp:attachment":[{"href":"https:\/\/www.lbspower-abb.com\/index.php?rest_route=%2Fwp%2Fv2%2Fmedia&parent=439"}],"wp:term":[{"taxonomy":"product_cat","embeddable":true,"href":"https:\/\/www.lbspower-abb.com\/index.php?rest_route=%2Fwp%2Fv2%2Fproduct_cat&post=439"},{"taxonomy":"product_tag","embeddable":true,"href":"https:\/\/www.lbspower-abb.com\/index.php?rest_route=%2Fwp%2Fv2%2Fproduct_tag&post=439"}],"curies":[{"name":"wp","href":"https:\/\/api.w.org\/{rel}","templated":true}]}}