{"id":570,"date":"2024-02-02T18:15:07","date_gmt":"2024-02-02T18:15:07","guid":{"rendered":"https:\/\/www.lbspower-abb.com\/?page_id=570"},"modified":"2024-02-02T18:16:36","modified_gmt":"2024-02-02T18:16:36","slug":"terminos-y-condiciones","status":"publish","type":"page","link":"https:\/\/www.lbspower-abb.com\/?page_id=570","title":{"rendered":"Aviso de privacidad"},"content":{"rendered":"[vc_row type=\u00bbin_container\u00bb full_screen_row_position=\u00bbmiddle\u00bb column_margin=\u00bbdefault\u00bb column_direction=\u00bbdefault\u00bb column_direction_tablet=\u00bbdefault\u00bb column_direction_phone=\u00bbdefault\u00bb scene_position=\u00bbcenter\u00bb text_color=\u00bbdark\u00bb text_align=\u00bbleft\u00bb row_border_radius=\u00bbnone\u00bb row_border_radius_applies=\u00bbbg\u00bb overflow=\u00bbvisible\u00bb overlay_strength=\u00bb0.3&#8243; gradient_direction=\u00bbleft_to_right\u00bb shape_divider_position=\u00bbbottom\u00bb bg_image_animation=\u00bbnone\u00bb][vc_column top_padding_desktop=\u00bb18%\u00bb column_element_direction_desktop=\u00bbdefault\u00bb column_element_spacing=\u00bbdefault\u00bb desktop_text_alignment=\u00bbdefault\u00bb tablet_text_alignment=\u00bbdefault\u00bb phone_text_alignment=\u00bbdefault\u00bb background_color_opacity=\u00bb1&#8243; background_hover_color_opacity=\u00bb1&#8243; column_backdrop_filter=\u00bbnone\u00bb column_shadow=\u00bbnone\u00bb column_border_radius=\u00bbnone\u00bb column_link_target=\u00bb_self\u00bb column_position=\u00bbdefault\u00bb gradient_direction=\u00bbleft_to_right\u00bb overlay_strength=\u00bb0.3&#8243; width=\u00bb1\/1&#8243; tablet_width_inherit=\u00bbdefault\u00bb animation_type=\u00bbdefault\u00bb bg_image_animation=\u00bbnone\u00bb border_type=\u00bbsimple\u00bb column_border_width=\u00bbnone\u00bb column_border_style=\u00bbsolid\u00bb column_padding_type=\u00bbadvanced\u00bb gradient_type=\u00bbdefault\u00bb][vc_row_inner column_margin=\u00bbdefault\u00bb column_direction=\u00bbdefault\u00bb column_direction_tablet=\u00bbdefault\u00bb column_direction_phone=\u00bbdefault\u00bb text_align=\u00bbleft\u00bb row_position=\u00bbdefault\u00bb row_position_tablet=\u00bbinherit\u00bb row_position_phone=\u00bbinherit\u00bb overflow=\u00bbvisible\u00bb pointer_events=\u00bball\u00bb][vc_column_inner top_padding_desktop=\u00bb0&#8243; bottom_padding_desktop=\u00bb18%\u00bb column_element_direction_desktop=\u00bbdefault\u00bb column_element_spacing=\u00bbdefault\u00bb desktop_text_alignment=\u00bbdefault\u00bb tablet_text_alignment=\u00bbdefault\u00bb phone_text_alignment=\u00bbdefault\u00bb background_color_opacity=\u00bb1&#8243; background_hover_color_opacity=\u00bb1&#8243; column_backdrop_filter=\u00bbnone\u00bb column_shadow=\u00bbnone\u00bb column_border_radius=\u00bbnone\u00bb column_link_target=\u00bb_self\u00bb overflow=\u00bbvisible\u00bb gradient_direction=\u00bbleft_to_right\u00bb overlay_strength=\u00bb0.3&#8243; width=\u00bb1\/1&#8243; tablet_width_inherit=\u00bbdefault\u00bb animation_type=\u00bbdefault\u00bb bg_image_animation=\u00bbnone\u00bb border_type=\u00bbsimple\u00bb column_border_width=\u00bbnone\u00bb column_border_style=\u00bbsolid\u00bb column_padding_type=\u00bbadvanced\u00bb gradient_type=\u00bbdefault\u00bb][vc_column_text]<strong>DATOS OBTENIDOS.<\/strong><\/p>\n<p>Seg\u00fan lo establecido en la Ley Federal de Protecci\u00f3n de Datos Personales en Posesi\u00f3n de los Particulares, los datos personales que recopilamos son:<\/p>\n<ul>\n<li>Nombres y apellidos.<\/li>\n<li>RFC (Registro Federal de Contribuyentes).<\/li>\n<li>Correo electr\u00f3nico.<\/li>\n<li>N\u00famero de tel\u00e9fono.<\/li>\n<\/ul>\n<p>No recopilamos datos personales sensibles.<\/p>\n<p>Finalidad del tratamiento:<\/p>\n<p>Tus datos personales ser\u00e1n utilizados para mantener contacto contigo y enviarte promociones de los servicios y equipos que ofrecemos en el futuro.<\/p>\n<p>TRASLADOS:<\/p>\n<p>Te recordamos que tus datos personales no ser\u00e1n cedidos a terceros.<\/p>\n<p>DERECHOS ARCO:<\/p>\n<p>Tienes derecho a saber qu\u00e9 datos personales tenemos sobre ti, para qu\u00e9 los utilizamos y las condiciones de uso que les damos (Acceso). Tambi\u00e9n puedes solicitar la correcci\u00f3n de tu informaci\u00f3n personal si est\u00e1 desactualizada, inexacta o incompleta (Rectificaci\u00f3n). Puedes solicitar la eliminaci\u00f3n de tu informaci\u00f3n, nuestros registros o bases de datos cuando consideres que no se est\u00e1 utilizando de acuerdo con la normativa (Cancelaci\u00f3n). Adem\u00e1s, puedes oponerte al uso de tus datos personales para fines espec\u00edficos (Oposici\u00f3n). Estos derechos se conocen como derechos ARCO.<\/p>\n<p>Puedes ejercer estos derechos a trav\u00e9s del formulario \u00abSolicitud de Atenci\u00f3n de Requisitos ARCO\u00bb. Para ello, env\u00eda un correo electr\u00f3nico a la direcci\u00f3n: <a target=\"_new\" rel=\"noopener\">contacto@lemonroy.com<\/a> solicitando el formulario correspondiente y sigue el procedimiento que se te enviar\u00e1 junto con tu solicitud. Tambi\u00e9n puedes contactar con nuestro Departamento de Privacidad en <a target=\"_new\" rel=\"noopener\">privacidad@lemonroy.com<\/a>, que tramitar\u00e1 las solicitudes y atender\u00e1 cualquier duda sobre el tratamiento de tu informaci\u00f3n.<\/p>\n<p>REVOCACI\u00d3N DEL CONSENTIMIENTO:<\/p>\n<p>Puedes cancelar el consentimiento otorgado para el tratamiento de tus datos personales. Ten en cuenta que no podremos atender tu solicitud ni concluir el tratamiento de inmediato debido a obligaciones legales que podr\u00edan requerir el tratamiento continuo de tus datos. La revocaci\u00f3n del consentimiento podr\u00eda afectar la prestaci\u00f3n de ciertos servicios.<\/p>\n<p>Para solicitar la revocaci\u00f3n de tu consentimiento, env\u00eda un correo electr\u00f3nico a <a href=\"mailto:ventas@lemonroy.com\">ventas@lemonroy.com<\/a>\u00a0solicitando el \u00abFormulario de Revocaci\u00f3n de Consentimiento\u00bb y sigue el procedimiento que se te enviar\u00e1 junto con tu solicitud. Analizaremos tu caso y te enviaremos una respuesta seg\u00fan nuestro procedimiento establecido.<\/p>\n<p>LIMITAR EL USO O DIVULGACI\u00d3N DE DATOS PERSONALES:<\/p>\n<p>Si deseas limitar el uso o divulgaci\u00f3n de tus datos personales con fines publicitarios y\/o de marketing, env\u00eda un correo electr\u00f3nico a <a href=\"mailto:ventas@lemonroy.com\">ventas@lemonroy.com<\/a>\u00a0o date de baja autom\u00e1ticamente desde nuestros correos electr\u00f3nicos haciendo clic en \u00abeliminar suscripci\u00f3n\u00bb.<\/p>\n<p>Comprometemos a incluir tu informaci\u00f3n en una Lista de Exclusi\u00f3n para suspender toda actividad relacionada con la oferta de servicios (publicidad y\/o marketing) que pueda causar molestias respecto al uso de tu informaci\u00f3n.<\/p>\n<p>ACTUALIZACI\u00d3N DEL AVISO DE PRIVACIDAD:<\/p>\n<p>Este Aviso de Privacidad podr\u00eda ser modificado o actualizado en el futuro. En cualquier caso, ser\u00e1s informado mediante un correo electr\u00f3nico con el \u00abAviso de Privacidad\u00bb enviado a la cuenta que proporcionaste inicialmente. Si no tenemos tu correo, puedes consultar el Aviso de Privacidad en este sitio web.[\/vc_column_text][\/vc_column_inner][\/vc_row_inner][\/vc_column][\/vc_row]\n","protected":false},"excerpt":{"rendered":"<p>[vc_row type=\u00bbin_container\u00bb full_screen_row_position=\u00bbmiddle\u00bb column_margin=\u00bbdefault\u00bb column_direction=\u00bbdefault\u00bb column_direction_tablet=\u00bbdefault\u00bb column_direction_phone=\u00bbdefault\u00bb scene_position=\u00bbcenter\u00bb text_color=\u00bbdark\u00bb text_align=\u00bbleft\u00bb row_border_radius=\u00bbnone\u00bb row_border_radius_applies=\u00bbbg\u00bb overflow=\u00bbvisible\u00bb overlay_strength=\u00bb0.3&#8243; gradient_direction=\u00bbleft_to_right\u00bb shape_divider_position=\u00bbbottom\u00bb bg_image_animation=\u00bbnone\u00bb][vc_column top_padding_desktop=\u00bb18%\u00bb column_element_direction_desktop=\u00bbdefault\u00bb column_element_spacing=\u00bbdefault\u00bb desktop_text_alignment=\u00bbdefault\u00bb tablet_text_alignment=\u00bbdefault\u00bb phone_text_alignment=\u00bbdefault\u00bb background_color_opacity=\u00bb1&#8243; background_hover_color_opacity=\u00bb1&#8243; column_backdrop_filter=\u00bbnone\u00bb column_shadow=\u00bbnone\u00bb column_border_radius=\u00bbnone\u00bb column_link_target=\u00bb_self\u00bb column_position=\u00bbdefault\u00bb&#8230;<\/p>\n","protected":false},"author":1,"featured_media":0,"parent":0,"menu_order":0,"comment_status":"closed","ping_status":"closed","template":"","meta":{"_joinchat":[],"footnotes":""},"class_list":["post-570","page","type-page","status-publish"],"_links":{"self":[{"href":"https:\/\/www.lbspower-abb.com\/index.php?rest_route=\/wp\/v2\/pages\/570","targetHints":{"allow":["GET"]}}],"collection":[{"href":"https:\/\/www.lbspower-abb.com\/index.php?rest_route=\/wp\/v2\/pages"}],"about":[{"href":"https:\/\/www.lbspower-abb.com\/index.php?rest_route=\/wp\/v2\/types\/page"}],"author":[{"embeddable":true,"href":"https:\/\/www.lbspower-abb.com\/index.php?rest_route=\/wp\/v2\/users\/1"}],"replies":[{"embeddable":true,"href":"https:\/\/www.lbspower-abb.com\/index.php?rest_route=%2Fwp%2Fv2%2Fcomments&post=570"}],"version-history":[{"count":7,"href":"https:\/\/www.lbspower-abb.com\/index.php?rest_route=\/wp\/v2\/pages\/570\/revisions"}],"predecessor-version":[{"id":578,"href":"https:\/\/www.lbspower-abb.com\/index.php?rest_route=\/wp\/v2\/pages\/570\/revisions\/578"}],"wp:attachment":[{"href":"https:\/\/www.lbspower-abb.com\/index.php?rest_route=%2Fwp%2Fv2%2Fmedia&parent=570"}],"curies":[{"name":"wp","href":"https:\/\/api.w.org\/{rel}","templated":true}]}}